{"id":269,"date":"2024-04-18T01:50:38","date_gmt":"2024-04-17T23:50:38","guid":{"rendered":"https:\/\/projekt.masac.de\/?page_id=269"},"modified":"2024-04-25T15:36:10","modified_gmt":"2024-04-25T13:36:10","slug":"home","status":"publish","type":"page","link":"https:\/\/masac.de\/?page_id=269","title":{"rendered":"impressum"},"content":{"rendered":"<h2 class=\"wp-block-post-title\">impressum<\/h2>\n\n\n<div style=\"height:40px\" aria-hidden=\"true\" class=\"wp-block-spacer\"><\/div>\n\n\n\n<p><strong>MASAC \u2013 Fotografie<\/strong><\/p>\n\n\n\n<p>Marion Sachsenroeder<br>Talstrasse 34<br>51643 Gummersbach<br>GERMANY<\/p>\n\n\n\n<p>Phone +49 (0) 2261 5893836<br>e-Mail info(a)masac.de<\/p>\n\n\n\n<p><strong>Rechtshinweis:<\/strong><\/p>\n\n\n\n<p>Alle Inhalte dieser Website, insbesondere Fotografien, Grafiken und Logos, sind urheberrechtlich gesch\u00fctzt. Das Urheberrecht liegt, soweit nicht ausdr\u00fccklich vermerkt, bei <em>MASAC-Fotografie<\/em>. Jede Kopie oder Verwendung der Inhalte bedarf einer vorhergehenden schriftlichen Genehmigung.<\/p>\n\n\n\n<p><strong>Werbung:<\/strong><\/p>\n\n\n\n<p>Die Verwendung der Kontaktdaten dieser Seite &#8211; insbesondere der Telefon- \/ Faxnummern und E-Mailadresse &#8211; zu Werbezwecken ist ausdr\u00fccklich nicht erw\u00fcnscht, es sei denn der Anbieter hatte zuvor seine schriftliche Einwilligung erteilt oder es besteht bereits ein gesch\u00e4ftlicher Kontakt. Der Anbieter und alle auf dieser Website genannten Personen widersprechen hiermit jeder kommerziellen Verwendung und Weitergabe ihrer Daten.<\/p>\n\n\n\n<p><strong>Disclaimer:<\/strong><\/p>\n\n\n\n<p>Die Inhalte dieser Website werden mit gr\u00f6\u00dftm\u00f6glicher Sorgfalt erstellt. Der Anbieter \u00fcbernimmt jedoch keine Gew\u00e4hr f\u00fcr die Richtigkeit, Vollst\u00e4ndigkeit und Aktualit\u00e4t der bereitgestellten Inhalte. Die Nutzung der abrufbaren Inhalte erfolgt auf eigene Gefahr des Nutzers.<\/p>\n\n\n\n<p>Bei direkten oder indirekten Verweisen auf fremde Webseiten, \u00fcbernimmt der Autor keinerlei Haftung f\u00fcr die Inhalte dieser Webseiten\/Angebote. F\u00fcr illegale, fehlerhafte oder unvollst\u00e4ndige Inhalte und insbesondere f\u00fcr Sch\u00e4den, die aus der Nutzung oder Nichtnutzung solcherart dargebotener Informationen entstehen, haftet allein der Anbieter der Seite, auf welche verwiesen wurde.<\/p>\n\n\n\n<p><strong>Technischer Support:<\/strong><br><a href=\"http:\/\/www.nc-fleischer.de\">Network-Consulting Fleischer<\/a><\/p>\n\n\n\n<p>Fifteen Theme by <a href=\"http:\/\/inkhive.com\/\">InkHive<\/a><\/p>\n","protected":false},"excerpt":{"rendered":"<p>MASAC \u2013 Fotografie Marion SachsenroederTalstrasse 3451643 GummersbachGERMANY Phone +49 (0) 2261 5893836e-Mail info(a)masac.de Rechtshinweis: Alle Inhalte dieser Website, insbesondere Fotografien, Grafiken und Logos,&#8230;<\/p>\n","protected":false},"author":1,"featured_media":0,"parent":0,"menu_order":0,"comment_status":"closed","ping_status":"closed","template":"","meta":{"footnotes":""},"class_list":["post-269","page","type-page","status-publish","hentry"],"_links":{"self":[{"href":"https:\/\/masac.de\/index.php?rest_route=\/wp\/v2\/pages\/269","targetHints":{"allow":["GET"]}}],"collection":[{"href":"https:\/\/masac.de\/index.php?rest_route=\/wp\/v2\/pages"}],"about":[{"href":"https:\/\/masac.de\/index.php?rest_route=\/wp\/v2\/types\/page"}],"author":[{"embeddable":true,"href":"https:\/\/masac.de\/index.php?rest_route=\/wp\/v2\/users\/1"}],"replies":[{"embeddable":true,"href":"https:\/\/masac.de\/index.php?rest_route=%2Fwp%2Fv2%2Fcomments&post=269"}],"version-history":[{"count":14,"href":"https:\/\/masac.de\/index.php?rest_route=\/wp\/v2\/pages\/269\/revisions"}],"predecessor-version":[{"id":770,"href":"https:\/\/masac.de\/index.php?rest_route=\/wp\/v2\/pages\/269\/revisions\/770"}],"wp:attachment":[{"href":"https:\/\/masac.de\/index.php?rest_route=%2Fwp%2Fv2%2Fmedia&parent=269"}],"curies":[{"name":"wp","href":"https:\/\/api.w.org\/{rel}","templated":true}]}}